{"id":9550,"date":"2024-11-03T20:19:03","date_gmt":"2024-11-03T20:19:03","guid":{"rendered":"https:\/\/ecoturismolayeguada.com\/?page_id=9550"},"modified":"2024-11-03T20:19:04","modified_gmt":"2024-11-03T20:19:04","slug":"legal-notice","status":"publish","type":"page","link":"https:\/\/ecoturismolayeguada.com\/en\/legal-notice\/","title":{"rendered":"Legal Notice"},"content":{"rendered":"<div class=\"wp-block-uagb-container uagb-block-8c691c0b alignfull uagb-is-root-container\"><div class=\"uagb-container-inner-blocks-wrap\"><\/div><\/div>\n\n\n\n<div class=\"wp-block-uagb-container uagb-block-1ecd43d7 alignfull uagb-is-root-container\"><div class=\"uagb-container-inner-blocks-wrap\">\n<div class=\"wp-block-uagb-advanced-heading uagb-block-dd4a7d20\"><h2 class=\"uagb-heading-text\">AVISO LEGAL Y CONDICIONES DE USO DEL SITIO WEB <mark style=\"background-color:rgba(0, 0, 0, 0);color:#ff2c00\" class=\"has-inline-color\">INGLES<\/mark><\/h2><\/div>\n\n\n\n<div class=\"wp-block-uagb-advanced-heading uagb-block-189233bf\"><p class=\"uagb-heading-text\">DATOS IDENTIFICATIVOS<\/p><\/div>\n\n\n\n<div class=\"wp-block-uagb-advanced-heading uagb-block-7d2451a2\"><p class=\"uagb-heading-text\">Denominaci\u00f3n social: <strong><strong>ECOTURISMO LA YEGUADA<\/strong><\/strong><\/p><\/div>\n\n\n\n<div class=\"wp-block-uagb-advanced-heading uagb-block-1338e52c\"><p class=\"uagb-heading-text\">RUC: <strong>XXXXXXX-XX<\/strong><\/p><\/div>\n\n\n\n<div class=\"wp-block-uagb-advanced-heading uagb-block-b773e695\"><p class=\"uagb-heading-text\">Domicio social: <strong>Panam\u00e1, Veraguas, Santiago<\/strong>, La Yeguada, Veraguas, Rep\u00fablica de Panam\u00e1<\/p><\/div>\n\n\n\n<div class=\"wp-block-uagb-advanced-heading uagb-block-c9ac7c45\"><p class=\"uagb-heading-text\">Contacto: <strong>[Tel\u00e9fono] \/ [Correo electr\u00f3nico]<\/strong><\/p><\/div>\n\n\n\n<div class=\"wp-block-uagb-advanced-heading uagb-block-ef9a3f5a\"><p class=\"uagb-heading-text\">La empresa <strong>ECOTURISMO LA YEGUADA<\/strong> es la propietaria del dominio [insertar dominio web] y de todas las p\u00e1ginas y servicios web accesibles a trav\u00e9s de este dominio.<\/p><\/div>\n\n\n\n<div class=\"wp-block-uagb-advanced-heading uagb-block-068a554e\"><p class=\"uagb-heading-text\">Este sitio web no puede garantizar su disponibilidad permanente, ni la ausencia de virus u otros elementos lesivos que pudieran ocasionar da\u00f1os a sistemas inform\u00e1ticos. Asimismo, no se hace responsable de los da\u00f1os y perjuicios directos o indirectos derivados del uso o acceso a dicho sitio.<\/p><\/div>\n\n\n\n<div class=\"wp-block-uagb-advanced-heading uagb-block-ad93263f\"><h2 class=\"uagb-heading-text\"><mark style=\"background-color:rgba(0, 0, 0, 0)\" class=\"has-inline-color has-ast-global-color-6-color\">1. Condiciones de Uso<\/mark><\/h2><\/div>\n\n\n\n<div class=\"wp-block-uagb-advanced-heading uagb-block-e03c1f6b\"><p class=\"uagb-heading-text\">Al acceder y utilizar el sitio web de <strong>ECOTURISMO LA YEGUADA<\/strong> [insertar dominio web], usted acepta estas Condiciones de Uso. Si no est\u00e1 de acuerdo con ellas, le pedimos que no utilice el sitio.<\/p><\/div>\n\n\n\n<div class=\"wp-block-uagb-advanced-heading uagb-block-cc1d0b43\"><p class=\"uagb-heading-text\">Este sitio est\u00e1 dise\u00f1ado para proporcionar informaci\u00f3n sobre nuestros servicios de ecoturismo, as\u00ed como para facilitar reservas y consultas. Los contenidos del sitio, incluidos textos, im\u00e1genes y otros materiales, son propiedad de <strong>ECOTURISMO LA YEGUADA<\/strong> o de terceros que han autorizado su uso. Usted puede ver, descargar o imprimir estos contenidos solo para uso personal y no comercial.<\/p><\/div>\n\n\n\n<div class=\"wp-block-uagb-advanced-heading uagb-block-10300750\"><p class=\"uagb-heading-text\">Queda prohibido utilizar el sitio o sus contenidos para fines ilegales, enga\u00f1osos o da\u00f1inos. No est\u00e1 permitido modificar, distribuir o usar los contenidos sin el permiso de <strong>ECOTURISMO LA YEGUADA<\/strong>, ni interferir en el funcionamiento normal del sitio o intentar acceder sin autorizaci\u00f3n a sus sistemas de seguridad.<\/p><\/div>\n\n\n\n<div class=\"wp-block-uagb-advanced-heading uagb-block-f3a33523\"><p class=\"uagb-heading-text\">Nos reservamos el derecho de actualizar, modificar o eliminar los contenidos en cualquier momento sin previo aviso, as\u00ed como de actualizar estas Condiciones de Uso. Recomendamos revisarlas peri\u00f3dicamente.<\/p><\/div>\n\n\n\n<div class=\"wp-block-uagb-advanced-heading uagb-block-b297a14f\"><h2 class=\"uagb-heading-text\"><mark style=\"background-color:rgba(0, 0, 0, 0)\" class=\"has-inline-color has-ast-global-color-6-color\">2. PROTECCI\u00d3N DE DATOS PERSONALES<\/mark><\/h2><\/div>\n\n\n\n<div class=\"wp-block-uagb-advanced-heading uagb-block-e61bf3d9\"><p class=\"uagb-heading-text\">De acuerdo con la Ley 81 de 26 de marzo de 2019, \u00abSobre Protecci\u00f3n de Datos Personales\u00bb, la informaci\u00f3n personal que recabamos a trav\u00e9s de formularios web ser\u00e1 tratada de forma confidencial y utilizada exclusivamente para los servicios solicitados y la comunicaci\u00f3n relacionada con <strong>ECOTURISMO LA YEGUADA<\/strong>, siempre que el usuario haya dado su consentimiento expreso.<\/p><\/div>\n\n\n\n<div class=\"wp-block-uagb-advanced-heading uagb-block-6bb6a148\"><p class=\"uagb-heading-text\">Recopilaci\u00f3n y Tratamiento de Datos<\/p><\/div>\n\n\n\n<div class=\"wp-block-uagb-icon-list uagb-block-e1e010c4\"><div class=\"uagb-icon-list__wrap\">\n<div class=\"wp-block-uagb-icon-list-child uagb-block-7c1ab486\"><span class=\"uagb-icon-list__source-wrap\"><svg xmlns=\"https:\/\/www.w3.org\/2000\/svg\" viewbox=\"0 0 512 512\"><path d=\"M512 256C512 397.4 397.4 512 256 512C114.6 512 0 397.4 0 256C0 114.6 114.6 0 256 0C397.4 0 512 114.6 512 256z\"><\/path><\/svg><\/span><span class=\"uagb-icon-list__label\">Los datos personales solicitados son necesarios para brindar nuestros servicios.<\/span><\/div>\n\n\n\n<div class=\"wp-block-uagb-icon-list-child uagb-block-8b19d083\"><span class=\"uagb-icon-list__source-wrap\"><svg xmlns=\"https:\/\/www.w3.org\/2000\/svg\" viewbox=\"0 0 512 512\"><path d=\"M512 256C512 397.4 397.4 512 256 512C114.6 512 0 397.4 0 256C0 114.6 114.6 0 256 0C397.4 0 512 114.6 512 256z\"><\/path><\/svg><\/span><span class=\"uagb-icon-list__label\">La informaci\u00f3n ser\u00e1 tratada con confidencialidad y empleamos encriptaci\u00f3n para proteger los datos.<\/span><\/div>\n\n\n\n<div class=\"wp-block-uagb-icon-list-child uagb-block-8e8ffdfd\"><span class=\"uagb-icon-list__source-wrap\"><svg xmlns=\"https:\/\/www.w3.org\/2000\/svg\" viewbox=\"0 0 512 512\"><path d=\"M512 256C512 397.4 397.4 512 256 512C114.6 512 0 397.4 0 256C0 114.6 114.6 0 256 0C397.4 0 512 114.6 512 256z\"><\/path><\/svg><\/span><span class=\"uagb-icon-list__label\">El usuario garantiza que los datos proporcionados son veraces y actualizados.<\/span><\/div>\n<\/div><\/div>\n\n\n\n<div class=\"wp-block-uagb-advanced-heading uagb-block-93a9f949\"><p class=\"uagb-heading-text\">Finalidades del Tratamiento de Datos<\/p><\/div>\n\n\n\n<div class=\"wp-block-uagb-icon-list uagb-block-2f69722e\"><div class=\"uagb-icon-list__wrap\">\n<div class=\"wp-block-uagb-icon-list-child uagb-block-d586923f\"><span class=\"uagb-icon-list__source-wrap\"><svg xmlns=\"https:\/\/www.w3.org\/2000\/svg\" viewbox=\"0 0 512 512\"><path d=\"M512 256C512 397.4 397.4 512 256 512C114.6 512 0 397.4 0 256C0 114.6 114.6 0 256 0C397.4 0 512 114.6 512 256z\"><\/path><\/svg><\/span><span class=\"uagb-icon-list__label\">u003cstrongu003eGesti\u00f3n de reservas y consultas:u003c\/strongu003e Utilizamos los datos para organizar y confirmar sus reservas.<\/span><\/div>\n\n\n\n<div class=\"wp-block-uagb-icon-list-child uagb-block-0816f6cd\"><span class=\"uagb-icon-list__source-wrap\"><svg xmlns=\"https:\/\/www.w3.org\/2000\/svg\" viewbox=\"0 0 512 512\"><path d=\"M512 256C512 397.4 397.4 512 256 512C114.6 512 0 397.4 0 256C0 114.6 114.6 0 256 0C397.4 0 512 114.6 512 256z\"><\/path><\/svg><\/span><span class=\"uagb-icon-list__label\">u003cstrongu003eEnv\u00edo de informaci\u00f3n solicitada:u003c\/strongu003e Contactamos para proporcionar detalles o responder consultas.<\/span><\/div>\n\n\n\n<div class=\"wp-block-uagb-icon-list-child uagb-block-3661c421\"><span class=\"uagb-icon-list__source-wrap\"><svg xmlns=\"https:\/\/www.w3.org\/2000\/svg\" viewbox=\"0 0 512 512\"><path d=\"M512 256C512 397.4 397.4 512 256 512C114.6 512 0 397.4 0 256C0 114.6 114.6 0 256 0C397.4 0 512 114.6 512 256z\"><\/path><\/svg><\/span><span class=\"uagb-icon-list__label\">u003cstrongu003eRespuesta a solicitudes de contacto:u003c\/strongu003e Nos comunicamos a trav\u00e9s de los datos facilitados para resolver sus dudas.<\/span><\/div>\n\n\n\n<div class=\"wp-block-uagb-icon-list-child uagb-block-96003533\"><span class=\"uagb-icon-list__source-wrap\"><svg xmlns=\"https:\/\/www.w3.org\/2000\/svg\" viewbox=\"0 0 512 512\"><path d=\"M512 256C512 397.4 397.4 512 256 512C114.6 512 0 397.4 0 256C0 114.6 114.6 0 256 0C397.4 0 512 114.6 512 256z\"><\/path><\/svg><\/span><span class=\"uagb-icon-list__label\">u003cstrongu003eEnv\u00edo de boletines informativos (con consentimiento expreso):u003c\/strongu003e Solo si el usuario lo autoriza, enviaremos boletines sobre nuestras actividades.<\/span><\/div>\n<\/div><\/div>\n\n\n\n<div class=\"wp-block-uagb-advanced-heading uagb-block-2bad9502\"><h2 class=\"uagb-heading-text\"><mark style=\"background-color:rgba(0, 0, 0, 0)\" class=\"has-inline-color has-ast-global-color-6-color\">3. PROPIEDAD INTELECTUAL<\/mark><\/h2><\/div>\n\n\n\n<div class=\"wp-block-uagb-advanced-heading uagb-block-daaa04b8\"><p class=\"uagb-heading-text\">Todos los contenidos en [insertar dominio web], incluidos fotograf\u00edas, textos, logotipos, videos, animaciones, software, y el dise\u00f1o, est\u00e1n protegidos por las leyes de propiedad intelectual e industrial de Panam\u00e1, en particular la Ley No. 15 de 8 de agosto de 1994 y la Ley 64 de 10 de octubre de 2012.<\/p><\/div>\n\n\n\n<div class=\"wp-block-uagb-advanced-heading uagb-block-d1fc803d\"><p class=\"uagb-heading-text\"><strong>ECOTURISMO LA YEGUADA<\/strong> es el titular o cuenta con las licencias necesarias para el uso de estos contenidos. El acceso a este sitio no implica cesi\u00f3n, transmisi\u00f3n o renuncia de estos derechos de propiedad intelectual o industrial.<\/p><\/div>\n\n\n\n<div class=\"wp-block-uagb-advanced-heading uagb-block-67f1fb6c\"><p class=\"uagb-heading-text\">Queda prohibido eliminar, modificar o manipular los dispositivos de protecci\u00f3n o sistemas de seguridad instalados en este sitio web. El usuario puede usar el material de este sitio solo para fines personales y privados, y su uso comercial est\u00e1 estrictamente prohibido.<\/p><\/div>\n\n\n\n<div class=\"wp-block-uagb-advanced-heading uagb-block-d4f94cac\"><h2 class=\"uagb-heading-text\"><mark style=\"background-color:rgba(0, 0, 0, 0)\" class=\"has-inline-color has-ast-global-color-6-color\">4. LIMITACI\u00d3N DE RESPONSABILIDAD<\/mark><\/h2><\/div>\n\n\n\n<div class=\"wp-block-uagb-advanced-heading uagb-block-75449c3a\"><p class=\"uagb-heading-text\"><strong>ECOTURISMO LA YEGUADA<\/strong> no se responsabiliza de las decisiones que el usuario tome basado en la informaci\u00f3n del sitio, ni de posibles errores tipogr\u00e1ficos o actualizaciones que modifiquen el contenido sin aviso previo. Los contenidos pueden ser revisados y mejorados en cualquier momento.<\/p><\/div>\n\n\n\n<div class=\"wp-block-uagb-advanced-heading uagb-block-f3602a77\"><h2 class=\"uagb-heading-text\"><mark style=\"background-color:rgba(0, 0, 0, 0)\" class=\"has-inline-color has-ast-global-color-6-color\">5. NOTIFICACIONES<\/mark><\/h2><\/div>\n\n\n\n<div class=\"wp-block-uagb-advanced-heading uagb-block-4bd7f33c\"><p class=\"uagb-heading-text\">Todas las notificaciones y comunicaciones que <strong>ECOTURISMO LA YEGUADA<\/strong> realice al usuario, por cualquier medio, se considerar\u00e1n v\u00e1lidas y efectivas para todos los fines.<\/p><\/div>\n\n\n\n<div class=\"wp-block-uagb-advanced-heading uagb-block-d389e92f\"><h2 class=\"uagb-heading-text\"><mark style=\"background-color:rgba(0, 0, 0, 0)\" class=\"has-inline-color has-ast-global-color-6-color\">6. JURISDICCI\u00d3N<\/mark><\/h2><\/div>\n\n\n\n<div class=\"wp-block-uagb-advanced-heading uagb-block-d71606b2\"><p class=\"uagb-heading-text\">Para cualquier cuesti\u00f3n relacionada con la interpretaci\u00f3n, aplicaci\u00f3n y cumplimiento de este Aviso Legal, o de las reclamaciones que puedan derivarse de su uso, ambas partes se someten a los Jueces y Tribunales de la provincia de Veraguas, renunciando expresamente a cualquier otra jurisdicci\u00f3n que pudiera corresponderles.<\/p><\/div>\n\n\n\n<div class=\"wp-block-uagb-advanced-heading uagb-block-d7bc2d60\"><h2 class=\"uagb-heading-text\"><mark style=\"background-color:rgba(0, 0, 0, 0)\" class=\"has-inline-color has-ast-global-color-6-color\">6. LEGISLACI\u00d3N APLICABLE<\/mark><\/h2><\/div>\n\n\n\n<div class=\"wp-block-uagb-advanced-heading uagb-block-ecf86df6\"><p class=\"uagb-heading-text\">Este Aviso Legal se rige por la normativa vigente en Panam\u00e1.<\/p><\/div>\n\n\n\n<div class=\"wp-block-uagb-advanced-heading uagb-block-e03b128f\"><p class=\"uagb-heading-text\">\u00daltima actualizaci\u00f3n: [Insertar fecha]<\/p><\/div>\n<\/div><\/div>\n\n\n\n<div class=\"wp-block-uagb-container uagb-block-e9ccf7bd alignfull uagb-is-root-container\"><div class=\"uagb-container-inner-blocks-wrap\"><\/div><\/div>","protected":false},"excerpt":{"rendered":"<p>AVISO LEGAL Y CONDICIONES DE USO DEL SITIO WEB INGLES DATOS IDENTIFICATIVOS Denominaci\u00f3n social: ECOTURISMO LA YEGUADA RUC: XXXXXXX-XX Domicio social: Panam\u00e1, Veraguas, Santiago, La Yeguada, Veraguas, Rep\u00fablica de Panam\u00e1 Contacto: [Tel\u00e9fono] \/ [Correo electr\u00f3nico] La empresa ECOTURISMO LA YEGUADA es la propietaria del dominio [insertar dominio web] y de todas las p\u00e1ginas y servicios [&hellip;]<\/p>","protected":false},"author":2,"featured_media":0,"parent":0,"menu_order":0,"comment_status":"closed","ping_status":"closed","template":"","meta":{"_eb_attr":"","_uag_custom_page_level_css":"","site-sidebar-layout":"default","site-content-layout":"","ast-site-content-layout":"default","site-content-style":"default","site-sidebar-style":"default","ast-global-header-display":"","ast-banner-title-visibility":"","ast-main-header-display":"","ast-hfb-above-header-display":"","ast-hfb-below-header-display":"","ast-hfb-mobile-header-display":"","site-post-title":"disabled","ast-breadcrumbs-content":"","ast-featured-img":"","footer-sml-layout":"","theme-transparent-header-meta":"","adv-header-id-meta":"","stick-header-meta":"","header-above-stick-meta":"","header-main-stick-meta":"","header-below-stick-meta":"","astra-migrate-meta-layouts":"set","ast-page-background-enabled":"default","ast-page-background-meta":{"desktop":{"background-color":"var(--ast-global-color-4)","background-image":"","background-repeat":"repeat","background-position":"center center","background-size":"auto","background-attachment":"scroll","background-type":"","background-media":"","overlay-type":"","overlay-color":"","overlay-gradient":""},"tablet":{"background-color":"","background-image":"","background-repeat":"repeat","background-position":"center center","background-size":"auto","background-attachment":"scroll","background-type":"","background-media":"","overlay-type":"","overlay-color":"","overlay-gradient":""},"mobile":{"background-color":"","background-image":"","background-repeat":"repeat","background-position":"center center","background-size":"auto","background-attachment":"scroll","background-type":"","background-media":"","overlay-type":"","overlay-color":"","overlay-gradient":""}},"ast-content-background-meta":{"desktop":{"background-color":"var(--ast-global-color-5)","background-image":"","background-repeat":"repeat","background-position":"center center","background-size":"auto","background-attachment":"scroll","background-type":"","background-media":"","overlay-type":"","overlay-color":"","overlay-gradient":""},"tablet":{"background-color":"var(--ast-global-color-5)","background-image":"","background-repeat":"repeat","background-position":"center center","background-size":"auto","background-attachment":"scroll","background-type":"","background-media":"","overlay-type":"","overlay-color":"","overlay-gradient":""},"mobile":{"background-color":"var(--ast-global-color-5)","background-image":"","background-repeat":"repeat","background-position":"center center","background-size":"auto","background-attachment":"scroll","background-type":"","background-media":"","overlay-type":"","overlay-color":"","overlay-gradient":""}},"footnotes":""},"class_list":["post-9550","page","type-page","status-publish","hentry"],"uagb_featured_image_src":{"full":false,"thumbnail":false,"medium":false,"medium_large":false,"large":false,"1536x1536":false,"2048x2048":false,"trp-custom-language-flag":false},"uagb_author_info":{"display_name":"Ecoturismo La Yeguada","author_link":"https:\/\/ecoturismolayeguada.com\/en\/author\/ratt\/"},"uagb_comment_info":0,"uagb_excerpt":"AVISO LEGAL Y CONDICIONES DE USO DEL SITIO WEB INGLES DATOS IDENTIFICATIVOS Denominaci\u00f3n social: ECOTURISMO LA YEGUADA RUC: XXXXXXX-XX Domicio social: Panam\u00e1, Veraguas, Santiago, La Yeguada, Veraguas, Rep\u00fablica de Panam\u00e1 Contacto: [Tel\u00e9fono] \/ [Correo electr\u00f3nico] La empresa ECOTURISMO LA YEGUADA es la propietaria del dominio [insertar dominio web] y de todas las p\u00e1ginas y servicios&hellip;","_links":{"self":[{"href":"https:\/\/ecoturismolayeguada.com\/en\/wp-json\/wp\/v2\/pages\/9550","targetHints":{"allow":["GET"]}}],"collection":[{"href":"https:\/\/ecoturismolayeguada.com\/en\/wp-json\/wp\/v2\/pages"}],"about":[{"href":"https:\/\/ecoturismolayeguada.com\/en\/wp-json\/wp\/v2\/types\/page"}],"author":[{"embeddable":true,"href":"https:\/\/ecoturismolayeguada.com\/en\/wp-json\/wp\/v2\/users\/2"}],"replies":[{"embeddable":true,"href":"https:\/\/ecoturismolayeguada.com\/en\/wp-json\/wp\/v2\/comments?post=9550"}],"version-history":[{"count":2,"href":"https:\/\/ecoturismolayeguada.com\/en\/wp-json\/wp\/v2\/pages\/9550\/revisions"}],"predecessor-version":[{"id":9552,"href":"https:\/\/ecoturismolayeguada.com\/en\/wp-json\/wp\/v2\/pages\/9550\/revisions\/9552"}],"wp:attachment":[{"href":"https:\/\/ecoturismolayeguada.com\/en\/wp-json\/wp\/v2\/media?parent=9550"}],"curies":[{"name":"wp","href":"https:\/\/api.w.org\/{rel}","templated":true}]}}