{"id":9563,"date":"2024-11-04T00:43:51","date_gmt":"2024-11-04T00:43:51","guid":{"rendered":"https:\/\/ecoturismolayeguada.com\/?page_id=9563"},"modified":"2025-10-03T02:34:33","modified_gmt":"2025-10-03T02:34:33","slug":"privacy-policy","status":"publish","type":"page","link":"https:\/\/ecoturismolayeguada.com\/en\/privacy-policy\/","title":{"rendered":"Privacy Policy"},"content":{"rendered":"<div class=\"wp-block-uagb-container uagb-block-84e4bd7d alignfull uagb-is-root-container\"><div class=\"uagb-container-inner-blocks-wrap\"><\/div><\/div>\n\n\n\n<div class=\"wp-block-uagb-container uagb-block-1fcbbbc5 alignfull uagb-is-root-container\"><div class=\"uagb-container-inner-blocks-wrap\">\n<div class=\"wp-block-uagb-advanced-heading uagb-block-17d52991\"><h2 class=\"uagb-heading-text\"><strong><mark style=\"background-color:rgba(0, 0, 0, 0)\" class=\"has-inline-color has-ast-global-color-6-color\">Pol\u00edtica de privacidad<\/mark><\/strong> <\/h2><\/div>\n\n\n\n<div class=\"wp-block-uagb-advanced-heading uagb-block-468b77ac\"><h2 class=\"uagb-heading-text\"><mark style=\"background-color:rgba(0, 0, 0, 0)\" class=\"has-inline-color has-ast-global-color-6-color\">En ECOTURISMO LA YEGUADA OBC nos comprometemos a proteger su privacidad. A continuaci\u00f3n, detallamos c\u00f3mo tratamos sus datos personales, en cumplimiento de la Ley 81 de 26 de marzo de 2019, \u00abSobre Protecci\u00f3n de Datos Personales\u00bb de la Rep\u00fablica de Panam\u00e1.<\/mark><\/h2><\/div>\n\n\n\n<div class=\"wp-block-uagb-advanced-heading uagb-block-49da60db\"><h2 class=\"uagb-heading-text\"><mark style=\"background-color:rgba(0, 0, 0, 0)\" class=\"has-inline-color has-ast-global-color-6-color\">1.&nbsp;RESPONSABLE DEL TRATAMIENTO DE DATOS<\/mark><\/h2><\/div>\n\n\n\n<div class=\"wp-block-uagb-advanced-heading uagb-block-b405a3a1\"><p class=\"uagb-heading-text\">ECOTURISMO LA YEGUADA<\/p><\/div>\n\n\n\n<div class=\"wp-block-uagb-advanced-heading uagb-block-9aa102a2\"><p class=\"uagb-heading-text\"><strong>Denominaci\u00f3n social<\/strong>:<strong> <\/strong>ECO-TURISMO LA YEGUADA, OBC<\/p><\/div>\n\n\n\n<div class=\"wp-block-uagb-advanced-heading uagb-block-fd375bb2\"><p class=\"uagb-heading-text\"><strong>RUC<\/strong>:<strong> <\/strong>25042178-3-2020 \/ DV7<\/p><\/div>\n\n\n\n<div class=\"wp-block-uagb-advanced-heading uagb-block-2161f03b\"><p class=\"uagb-heading-text\"><strong>Domicio social<\/strong>: <strong>Casa del Lago, Laguna de La Yeguada, Corregimiento de La Yeguada, Distrito de Calobre, Provincia\u00a0de\u00a0Veraguas<\/strong><\/p><\/div>\n\n\n\n<div class=\"wp-block-uagb-advanced-heading uagb-block-236a4493\"><p class=\"uagb-heading-text\"><strong>Contact<\/strong>: +507\u202f 6715-3038 \/ \u202fadministracion@ecoturismolayeguada.com<\/p><\/div>\n\n\n\n<div class=\"wp-block-uagb-advanced-heading uagb-block-c984bbc3\"><p class=\"uagb-heading-text\">De acuerdo con lo establecido en la normativa europea de Protecci\u00f3n de datos personales,&nbsp;<strong>ECOTURISMO LA YEGUADA<\/strong> garantiza la protecci\u00f3n y confidencialidad de los datos personales proporcionados por los usuarios a trav\u00e9s de esta web, seg\u00fan lo establecido en la presente pol\u00edtica de protecci\u00f3n de datos, que debe haber aceptado en el formulario de contacto.<\/p><\/div>\n\n\n\n<div class=\"wp-block-uagb-advanced-heading uagb-block-7f2c8df6\"><p class=\"uagb-heading-text\">Nuestra empresa garantiza la seguridad y confidencialidad en todas las comunicaciones con nuestros clientes a trav\u00e9s de un servidor seguro, basado en el est\u00e1ndar SSL que protege los datos frente a intentos de violaci\u00f3n por terceros.&nbsp;<\/p><\/div>\n\n\n\n<div class=\"wp-block-uagb-advanced-heading uagb-block-02b961ca\"><h2 class=\"uagb-heading-text\"><mark style=\"background-color:rgba(0, 0, 0, 0)\" class=\"has-inline-color has-ast-global-color-6-color\">2. INFORMACI\u00d3N QUE RECOPILAMOS<\/mark><\/h2><\/div>\n\n\n\n<div class=\"wp-block-uagb-advanced-heading uagb-block-3110094f\"><p class=\"uagb-heading-text\">Recopilamos la informaci\u00f3n personal que usted nos proporciona cuando:<\/p><\/div>\n\n\n\n<div class=\"wp-block-uagb-icon-list uagb-block-e1e010c4\"><div class=\"uagb-icon-list__wrap\">\n<div class=\"wp-block-uagb-icon-list-child uagb-block-7c1ab486\"><span class=\"uagb-icon-list__source-wrap\"><svg xmlns=\"https:\/\/www.w3.org\/2000\/svg\" viewbox=\"0 0 512 512\"><path d=\"M512 256C512 397.4 397.4 512 256 512C114.6 512 0 397.4 0 256C0 114.6 114.6 0 256 0C397.4 0 512 114.6 512 256z\"><\/path><\/svg><\/span><span class=\"uagb-icon-list__label\">Realiza una reserva o consulta en nuestro sitio web.<\/span><\/div>\n\n\n\n<div class=\"wp-block-uagb-icon-list-child uagb-block-8b19d083\"><span class=\"uagb-icon-list__source-wrap\"><svg xmlns=\"https:\/\/www.w3.org\/2000\/svg\" viewbox=\"0 0 512 512\"><path d=\"M512 256C512 397.4 397.4 512 256 512C114.6 512 0 397.4 0 256C0 114.6 114.6 0 256 0C397.4 0 512 114.6 512 256z\"><\/path><\/svg><\/span><span class=\"uagb-icon-list__label\">Nos contacta a trav\u00e9s de nuestros formularios de contacto o por correo electr\u00f3nico.<\/span><\/div>\n\n\n\n<div class=\"wp-block-uagb-icon-list-child uagb-block-8e8ffdfd\"><span class=\"uagb-icon-list__source-wrap\"><svg xmlns=\"https:\/\/www.w3.org\/2000\/svg\" viewbox=\"0 0 512 512\"><path d=\"M512 256C512 397.4 397.4 512 256 512C114.6 512 0 397.4 0 256C0 114.6 114.6 0 256 0C397.4 0 512 114.6 512 256z\"><\/path><\/svg><\/span><span class=\"uagb-icon-list__label\">Se suscribe a nuestros boletines informativos (con su consentimiento).<\/span><\/div>\n<\/div><\/div>\n\n\n\n<div class=\"wp-block-uagb-advanced-heading uagb-block-fdf8d444\"><p class=\"uagb-heading-text\">Esta informaci\u00f3n puede incluir nombre, direcci\u00f3n de correo electr\u00f3nico, tel\u00e9fono, y datos necesarios para realizar y gestionar reservas de ecoturismo.<\/p><\/div>\n\n\n\n<div class=\"wp-block-uagb-advanced-heading uagb-block-00eb3025\"><h2 class=\"uagb-heading-text\"><mark style=\"background-color:rgba(0, 0, 0, 0)\" class=\"has-inline-color has-ast-global-color-6-color\">3. FINALIDAD DEL TRATAMIENTO&nbsp;<\/mark><\/h2><\/div>\n\n\n\n<div class=\"wp-block-uagb-advanced-heading uagb-block-5cb84ffd\"><p class=\"uagb-heading-text\">Los datos que nos proporciona ser\u00e1n utilizados para las siguientes finalidades:<\/p><\/div>\n\n\n\n<div class=\"wp-block-uagb-icon-list uagb-block-ab9f4566\"><div class=\"uagb-icon-list__wrap\">\n<div class=\"wp-block-uagb-icon-list-child uagb-block-0a000c1f\"><span class=\"uagb-icon-list__source-wrap\"><svg xmlns=\"https:\/\/www.w3.org\/2000\/svg\" viewbox=\"0 0 512 512\"><path d=\"M512 256C512 397.4 397.4 512 256 512C114.6 512 0 397.4 0 256C0 114.6 114.6 0 256 0C397.4 0 512 114.6 512 256z\"><\/path><\/svg><\/span><span class=\"uagb-icon-list__label\">u003cstrongu003eGesti\u00f3n de reservas:u003c\/strongu003e Confirmaci\u00f3n, seguimiento y comunicaci\u00f3n relacionada con sus reservas.<\/span><\/div>\n\n\n\n<div class=\"wp-block-uagb-icon-list-child uagb-block-00677785\"><span class=\"uagb-icon-list__source-wrap\"><svg xmlns=\"https:\/\/www.w3.org\/2000\/svg\" viewbox=\"0 0 512 512\"><path d=\"M512 256C512 397.4 397.4 512 256 512C114.6 512 0 397.4 0 256C0 114.6 114.6 0 256 0C397.4 0 512 114.6 512 256z\"><\/path><\/svg><\/span><span class=\"uagb-icon-list__label\">u003cstrongu003eAtenci\u00f3n de consultas:u003c\/strongu003e Responder sus dudas o solicitudes de informaci\u00f3n.<\/span><\/div>\n\n\n\n<div class=\"wp-block-uagb-icon-list-child uagb-block-2cb6c84b\"><span class=\"uagb-icon-list__source-wrap\"><svg xmlns=\"https:\/\/www.w3.org\/2000\/svg\" viewbox=\"0 0 512 512\"><path d=\"M512 256C512 397.4 397.4 512 256 512C114.6 512 0 397.4 0 256C0 114.6 114.6 0 256 0C397.4 0 512 114.6 512 256z\"><\/path><\/svg><\/span><span class=\"uagb-icon-list__label\">u003cstrongu003eEnv\u00edo de boletines y promociones:u003c\/strongu003e Si ha dado su consentimiento expreso, utilizaremos sus datos para enviarle noticias, promociones y novedades relacionadas con nuestros servicios de ecoturismo.<\/span><\/div>\n<\/div><\/div>\n\n\n\n<div class=\"wp-block-uagb-advanced-heading uagb-block-ad787b90\"><h2 class=\"uagb-heading-text\"><mark style=\"background-color:rgba(0, 0, 0, 0)\" class=\"has-inline-color has-ast-global-color-6-color\">4. LEGITIMACI\u00d3N DEL TRATAMIENTO&nbsp;<\/mark><\/h2><\/div>\n\n\n\n<div class=\"wp-block-uagb-advanced-heading uagb-block-04f98aee\"><p class=\"uagb-heading-text\">El tratamiento de sus datos se basa en el consentimiento que usted nos otorga al aceptar esta pol\u00edtica de privacidad y al proporcionarnos su informaci\u00f3n en el momento de la reserva o consulta.<\/p><\/div>\n\n\n\n<div class=\"wp-block-uagb-advanced-heading uagb-block-f2d2f2ad\"><h2 class=\"uagb-heading-text\"><mark style=\"background-color:rgba(0, 0, 0, 0)\" class=\"has-inline-color has-ast-global-color-6-color\">5. CONSERVACI\u00d3N DE LOS DATOS<\/mark><\/h2><\/div>\n\n\n\n<div class=\"wp-block-uagb-advanced-heading uagb-block-0239307e\"><p class=\"uagb-heading-text\">Mantendremos sus datos personales mientras sean necesarios para las finalidades mencionadas o mientras usted no solicite su eliminaci\u00f3n. Una vez finalizado el tratamiento, sus datos ser\u00e1n eliminados o anonimizados de manera segura.<\/p><\/div>\n\n\n\n<div class=\"wp-block-uagb-advanced-heading uagb-block-a0964095\"><h2 class=\"uagb-heading-text\"><mark style=\"background-color:rgba(0, 0, 0, 0)\" class=\"has-inline-color has-ast-global-color-6-color\">6. SEGURIDAD Y CONFIDENCIALIDAD&nbsp;<\/mark><\/h2><\/div>\n\n\n\n<div class=\"wp-block-uagb-advanced-heading uagb-block-5199f899\"><p class=\"uagb-heading-text\">Implementamos medidas de seguridad t\u00e9cnicas y organizativas para proteger sus datos personales contra accesos no autorizados, p\u00e9rdida o modificaci\u00f3n. La informaci\u00f3n enviada a trav\u00e9s de nuestro sitio web est\u00e1 protegida con encriptaci\u00f3n para asegurar su confidencialidad.<\/p><\/div>\n\n\n\n<div class=\"wp-block-uagb-advanced-heading uagb-block-afbd2f66\"><h2 class=\"uagb-heading-text\"><mark style=\"background-color:rgba(0, 0, 0, 0)\" class=\"has-inline-color has-ast-global-color-6-color\">7. DERECHOS DEL USUARIO<\/mark>&nbsp;<\/h2><\/div>\n\n\n\n<div class=\"wp-block-uagb-advanced-heading uagb-block-7749e527\"><p class=\"uagb-heading-text\"><strong>Usted tiene derecho a:<\/strong><\/p><\/div>\n\n\n\n<div class=\"wp-block-uagb-icon-list uagb-block-fbd7e48f\"><div class=\"uagb-icon-list__wrap\">\n<div class=\"wp-block-uagb-icon-list-child uagb-block-f2f5a92e\"><span class=\"uagb-icon-list__source-wrap\"><svg xmlns=\"https:\/\/www.w3.org\/2000\/svg\" viewbox=\"0 0 512 512\"><path d=\"M512 256C512 397.4 397.4 512 256 512C114.6 512 0 397.4 0 256C0 114.6 114.6 0 256 0C397.4 0 512 114.6 512 256z\"><\/path><\/svg><\/span><span class=\"uagb-icon-list__label\">Acceder a sus datos personales para saber c\u00f3mo los estamos utilizando.<\/span><\/div>\n\n\n\n<div class=\"wp-block-uagb-icon-list-child uagb-block-729b4939\"><span class=\"uagb-icon-list__source-wrap\"><svg xmlns=\"https:\/\/www.w3.org\/2000\/svg\" viewbox=\"0 0 512 512\"><path d=\"M512 256C512 397.4 397.4 512 256 512C114.6 512 0 397.4 0 256C0 114.6 114.6 0 256 0C397.4 0 512 114.6 512 256z\"><\/path><\/svg><\/span><span class=\"uagb-icon-list__label\">Rectificar sus datos en caso de ser incorrectos o estar desactualizados.<\/span><\/div>\n\n\n\n<div class=\"wp-block-uagb-icon-list-child uagb-block-25373ab3\"><span class=\"uagb-icon-list__source-wrap\"><svg xmlns=\"https:\/\/www.w3.org\/2000\/svg\" viewbox=\"0 0 512 512\"><path d=\"M512 256C512 397.4 397.4 512 256 512C114.6 512 0 397.4 0 256C0 114.6 114.6 0 256 0C397.4 0 512 114.6 512 256z\"><\/path><\/svg><\/span><span class=\"uagb-icon-list__label\">Solicitar la eliminaci\u00f3n de sus datos cuando ya no sean necesarios para los fines mencionados.<\/span><\/div>\n\n\n\n<div class=\"wp-block-uagb-icon-list-child uagb-block-8be2c204\"><span class=\"uagb-icon-list__source-wrap\"><svg xmlns=\"https:\/\/www.w3.org\/2000\/svg\" viewbox=\"0 0 512 512\"><path d=\"M512 256C512 397.4 397.4 512 256 512C114.6 512 0 397.4 0 256C0 114.6 114.6 0 256 0C397.4 0 512 114.6 512 256z\"><\/path><\/svg><\/span><span class=\"uagb-icon-list__label\">u003cstrongu003eLimitar el tratamientou003c\/strongu003e de sus datos en ciertas circunstancias.<\/span><\/div>\n\n\n\n<div class=\"wp-block-uagb-icon-list-child uagb-block-854c6b7e\"><span class=\"uagb-icon-list__source-wrap\"><svg xmlns=\"https:\/\/www.w3.org\/2000\/svg\" viewbox=\"0 0 512 512\"><path d=\"M512 256C512 397.4 397.4 512 256 512C114.6 512 0 397.4 0 256C0 114.6 114.6 0 256 0C397.4 0 512 114.6 512 256z\"><\/path><\/svg><\/span><span class=\"uagb-icon-list__label\">Retirar su consentimiento para el env\u00edo de boletines o comunicaciones promocionales.<\/span><\/div>\n<\/div><\/div>\n\n\n\n<div class=\"wp-block-uagb-advanced-heading uagb-block-2305759c\"><p class=\"uagb-heading-text\">Para ejercer estos derechos, puede ponerse en contacto con nosotros en [Correo electr\u00f3nico] o [Tel\u00e9fono]. Responderemos a su solicitud de acuerdo con la legislaci\u00f3n vigente en Panam\u00e1.<\/p><\/div>\n\n\n\n<div class=\"wp-block-uagb-advanced-heading uagb-block-4076816f\"><h2 class=\"uagb-heading-text\"><mark style=\"background-color:rgba(0, 0, 0, 0)\" class=\"has-inline-color has-ast-global-color-6-color\">8. CAMBIOS A ESTA POL\u00cdTICA DE PRIVACIDAD&nbsp;<\/mark><\/h2><\/div>\n\n\n\n<div class=\"wp-block-uagb-advanced-heading uagb-block-41d6a370\"><p class=\"uagb-heading-text\"><strong>ECOTURISMO LA YEGUADA<\/strong> se reserva el derecho a modificar esta pol\u00edtica de privacidad para adaptarse a cambios legales o a nuestras pr\u00e1cticas de tratamiento de datos. La versi\u00f3n actualizada estar\u00e1 disponible en nuestro sitio web y se indicar\u00e1 la fecha de la \u00faltima actualizaci\u00f3n.<\/p><\/div>\n\n\n\n<div class=\"wp-block-uagb-advanced-heading uagb-block-93206aef\"><p class=\"uagb-heading-text\">\u00daltima actualizaci\u00f3n: 02 \/ 10 \/ 2025<\/p><\/div>\n<\/div><\/div>\n\n\n\n<div class=\"wp-block-uagb-container uagb-block-82ce57a2 alignfull uagb-is-root-container\"><div class=\"uagb-container-inner-blocks-wrap\"><\/div><\/div>\n\n\n\n<div class=\"wp-block-uagb-container uagb-block-0a3346a5 alignfull uagb-is-root-container\"><div class=\"uagb-container-inner-blocks-wrap\"><\/div><\/div>","protected":false},"excerpt":{"rendered":"<p>Pol\u00edtica de privacidad En ECOTURISMO LA YEGUADA OBC nos comprometemos a proteger su privacidad. A continuaci\u00f3n, detallamos c\u00f3mo tratamos sus datos personales, en cumplimiento de la Ley 81 de 26 de marzo de 2019, \u00abSobre Protecci\u00f3n de Datos Personales\u00bb de la Rep\u00fablica de Panam\u00e1. 1.&nbsp;RESPONSABLE DEL TRATAMIENTO DE DATOS ECOTURISMO LA YEGUADA Denominaci\u00f3n social: ECO-TURISMO [&hellip;]<\/p>","protected":false},"author":2,"featured_media":0,"parent":0,"menu_order":0,"comment_status":"closed","ping_status":"closed","template":"","meta":{"_eb_attr":"","_uag_custom_page_level_css":"","site-sidebar-layout":"default","site-content-layout":"","ast-site-content-layout":"default","site-content-style":"default","site-sidebar-style":"default","ast-global-header-display":"","ast-banner-title-visibility":"","ast-main-header-display":"","ast-hfb-above-header-display":"","ast-hfb-below-header-display":"","ast-hfb-mobile-header-display":"","site-post-title":"disabled","ast-breadcrumbs-content":"","ast-featured-img":"","footer-sml-layout":"","theme-transparent-header-meta":"","adv-header-id-meta":"","stick-header-meta":"","header-above-stick-meta":"","header-main-stick-meta":"","header-below-stick-meta":"","astra-migrate-meta-layouts":"set","ast-page-background-enabled":"default","ast-page-background-meta":{"desktop":{"background-color":"var(--ast-global-color-4)","background-image":"","background-repeat":"repeat","background-position":"center center","background-size":"auto","background-attachment":"scroll","background-type":"","background-media":"","overlay-type":"","overlay-color":"","overlay-gradient":""},"tablet":{"background-color":"","background-image":"","background-repeat":"repeat","background-position":"center center","background-size":"auto","background-attachment":"scroll","background-type":"","background-media":"","overlay-type":"","overlay-color":"","overlay-gradient":""},"mobile":{"background-color":"","background-image":"","background-repeat":"repeat","background-position":"center center","background-size":"auto","background-attachment":"scroll","background-type":"","background-media":"","overlay-type":"","overlay-color":"","overlay-gradient":""}},"ast-content-background-meta":{"desktop":{"background-color":"var(--ast-global-color-5)","background-image":"","background-repeat":"repeat","background-position":"center center","background-size":"auto","background-attachment":"scroll","background-type":"","background-media":"","overlay-type":"","overlay-color":"","overlay-gradient":""},"tablet":{"background-color":"var(--ast-global-color-5)","background-image":"","background-repeat":"repeat","background-position":"center center","background-size":"auto","background-attachment":"scroll","background-type":"","background-media":"","overlay-type":"","overlay-color":"","overlay-gradient":""},"mobile":{"background-color":"var(--ast-global-color-5)","background-image":"","background-repeat":"repeat","background-position":"center center","background-size":"auto","background-attachment":"scroll","background-type":"","background-media":"","overlay-type":"","overlay-color":"","overlay-gradient":""}},"footnotes":""},"class_list":["post-9563","page","type-page","status-publish","hentry"],"uagb_featured_image_src":{"full":false,"thumbnail":false,"medium":false,"medium_large":false,"large":false,"1536x1536":false,"2048x2048":false,"trp-custom-language-flag":false},"uagb_author_info":{"display_name":"Ecoturismo La Yeguada","author_link":"https:\/\/ecoturismolayeguada.com\/en\/author\/ratt\/"},"uagb_comment_info":0,"uagb_excerpt":"Pol\u00edtica de privacidad En ECOTURISMO LA YEGUADA OBC nos comprometemos a proteger su privacidad. A continuaci\u00f3n, detallamos c\u00f3mo tratamos sus datos personales, en cumplimiento de la Ley 81 de 26 de marzo de 2019, \u00abSobre Protecci\u00f3n de Datos Personales\u00bb de la Rep\u00fablica de Panam\u00e1. 1.&nbsp;RESPONSABLE DEL TRATAMIENTO DE DATOS ECOTURISMO LA YEGUADA Denominaci\u00f3n social: ECO-TURISMO&hellip;","_links":{"self":[{"href":"https:\/\/ecoturismolayeguada.com\/en\/wp-json\/wp\/v2\/pages\/9563","targetHints":{"allow":["GET"]}}],"collection":[{"href":"https:\/\/ecoturismolayeguada.com\/en\/wp-json\/wp\/v2\/pages"}],"about":[{"href":"https:\/\/ecoturismolayeguada.com\/en\/wp-json\/wp\/v2\/types\/page"}],"author":[{"embeddable":true,"href":"https:\/\/ecoturismolayeguada.com\/en\/wp-json\/wp\/v2\/users\/2"}],"replies":[{"embeddable":true,"href":"https:\/\/ecoturismolayeguada.com\/en\/wp-json\/wp\/v2\/comments?post=9563"}],"version-history":[{"count":5,"href":"https:\/\/ecoturismolayeguada.com\/en\/wp-json\/wp\/v2\/pages\/9563\/revisions"}],"predecessor-version":[{"id":10584,"href":"https:\/\/ecoturismolayeguada.com\/en\/wp-json\/wp\/v2\/pages\/9563\/revisions\/10584"}],"wp:attachment":[{"href":"https:\/\/ecoturismolayeguada.com\/en\/wp-json\/wp\/v2\/media?parent=9563"}],"curies":[{"name":"wp","href":"https:\/\/api.w.org\/{rel}","templated":true}]}}